{"id":12,"date":"2024-06-14T11:02:28","date_gmt":"2024-06-14T09:02:28","guid":{"rendered":"https:\/\/lacasadetita.com\/?page_id=12"},"modified":"2024-06-21T10:24:17","modified_gmt":"2024-06-21T08:24:17","slug":"contacto","status":"publish","type":"page","link":"https:\/\/lacasadetita.com\/index.php\/contacto\/","title":{"rendered":"CONTACTO"},"content":{"rendered":"\n<div style=\"height:50px\" aria-hidden=\"true\" class=\"wp-block-spacer\"><\/div>\n\n\n\n<div class=\"wp-block-group alignwide has-global-padding is-layout-constrained wp-block-group-is-layout-constrained\">\n<div class=\"wp-block-group is-vertical is-content-justification-stretch is-layout-flex wp-container-core-group-is-layout-ec74aeb2 wp-block-group-is-layout-flex\">\n<div class=\"wp-block-group is-vertical is-content-justification-center is-layout-flex wp-container-core-group-is-layout-b6c1f246 wp-block-group-is-layout-flex\">\n<h4 class=\"wp-block-heading has-text-align-center\">Ubicaci\u00f3n<\/h4>\n\n\n\n<p class=\"has-text-align-center\">R\u00faa Fot\u00f3grafo Xos\u00e9 Gil, 8, 10, Coia, 36209 Vigo, Pontevedra, Espa\u00f1a<\/p>\n<\/div>\n\n\n\n<div class=\"wp-block-group is-vertical is-content-justification-stretch is-layout-flex wp-container-core-group-is-layout-418b3dfd wp-block-group-is-layout-flex\">\n<h4 class=\"wp-block-heading has-text-align-center\" style=\"margin-top:var(--wp--preset--spacing--60)\">Horario<\/h4>\n\n\n\n<div class=\"wp-block-group is-content-justification-space-between is-nowrap is-layout-flex wp-container-core-group-is-layout-4d6718bc wp-block-group-is-layout-flex\">\n<p class=\"has-text-align-left\">S\u00e1bado-Jueves<\/p>\n\n\n\n<p class=\"has-text-align-right\" style=\"text-transform:uppercase\">7:00 &#8211; 23:30<\/p>\n<\/div>\n\n\n\n<div class=\"wp-block-group alignwide is-content-justification-space-between is-nowrap is-layout-flex wp-container-core-group-is-layout-4d6718bc wp-block-group-is-layout-flex\">\n<p>Viernes<\/p>\n\n\n\n<p class=\"has-text-align-right\" style=\"text-transform:uppercase\">7:00 &#8211; 00:30<\/p>\n<\/div>\n<\/div>\n<\/div>\n\n\n\n<div style=\"height:50px\" aria-hidden=\"true\" class=\"wp-block-spacer\"><\/div>\n<\/div>\n\n\n\n<div class=\"wp-block-group alignfull is-layout-flow wp-block-group-is-layout-flow\" id=\"mapa\">\n<iframe src=\"https:\/\/www.google.com\/maps\/embed?pb=!1m18!1m12!1m3!1d2954.9153362383468!2d-8.741439!3d42.2162541!2m3!1f0!2f0!3f0!3m2!1i1024!2i768!4f13.1!3m3!1m2!1s0xd2589fdc10ae799%3A0xe341979822b6a4f2!2sLa%20casa%20de%20tita!5e0!3m2!1ses!2sfr!4v1718356851179!5m2!1ses!2sfr\" style=\"border:0;width:100%;height:500px;\" \"allowfullscreen=\"\" loading=\"lazy\" referrerpolicy=\"no-referrer-when-downgrade\"><\/iframe>\n<\/div>\n","protected":false},"excerpt":{"rendered":"<p>Ubicaci\u00f3n R\u00faa Fot\u00f3grafo Xos\u00e9 Gil, 8, 10, Coia, 36209 Vigo, Pontevedra, Espa\u00f1a Horario S\u00e1bado-Jueves 7:00 &#8211; 23:30 Viernes 7:00 &#8211; 00:30<\/p>\n","protected":false},"author":1,"featured_media":0,"parent":0,"menu_order":0,"comment_status":"closed","ping_status":"closed","template":"","meta":{"footnotes":""},"class_list":["post-12","page","type-page","status-publish","hentry"],"_links":{"self":[{"href":"https:\/\/lacasadetita.com\/index.php\/wp-json\/wp\/v2\/pages\/12","targetHints":{"allow":["GET"]}}],"collection":[{"href":"https:\/\/lacasadetita.com\/index.php\/wp-json\/wp\/v2\/pages"}],"about":[{"href":"https:\/\/lacasadetita.com\/index.php\/wp-json\/wp\/v2\/types\/page"}],"author":[{"embeddable":true,"href":"https:\/\/lacasadetita.com\/index.php\/wp-json\/wp\/v2\/users\/1"}],"replies":[{"embeddable":true,"href":"https:\/\/lacasadetita.com\/index.php\/wp-json\/wp\/v2\/comments?post=12"}],"version-history":[{"count":28,"href":"https:\/\/lacasadetita.com\/index.php\/wp-json\/wp\/v2\/pages\/12\/revisions"}],"predecessor-version":[{"id":217,"href":"https:\/\/lacasadetita.com\/index.php\/wp-json\/wp\/v2\/pages\/12\/revisions\/217"}],"wp:attachment":[{"href":"https:\/\/lacasadetita.com\/index.php\/wp-json\/wp\/v2\/media?parent=12"}],"curies":[{"name":"wp","href":"https:\/\/api.w.org\/{rel}","templated":true}]}}